{"id":8,"date":"2015-05-20T11:45:57","date_gmt":"2015-05-20T10:45:57","guid":{"rendered":"http:\/\/masterstudy.stylemixthemes.com\/demo\/?page_id=8"},"modified":"2016-07-25T16:27:01","modified_gmt":"2016-07-25T15:27:01","slug":"home","status":"publish","type":"page","link":"https:\/\/instructionsos.com\/pt\/","title":{"rendered":"P\u00c1GINA PRINCIPAL"},"content":{"rendered":"<p>[vc_row full_width=&#8221;stretch_row_content_no_spaces&#8221; css=&#8221;.vc_custom_1432531325225{margin-bottom: 0px !important;}&#8221;][vc_column][rev_slider_vc alias=&#8221;instructions-os-pt&#8221;][\/vc_column][\/vc_row][vc_row full_width=&#8221;stretch_row&#8221; css=&#8221;.vc_custom_1456218849778{margin-top: 0px !important;margin-right: 0px !important;margin-bottom: 28px !important;margin-left: 0px !important;}&#8221; el_class=&#8221;overflowed_content home-icons&#8221;][vc_column width=&#8221;1\/6&#8243; css=&#8221;.vc_custom_1446800878984{padding-right: 0px !important;padding-left: 0px !important;}&#8221;][stm_icon_box icon=&#8221;fa fa-plug&#8221; icon_height=&#8221;62&#8243; icon_color=&#8221;#fdc735&#8243; title=&#8221;DESCRI\u00c7\u00c3O DA FONTE&#8221; box_text_color=&#8221;#0a0a0a&#8221; link=&#8221;url:http%3A%2F%2Finstructionsos.com%2Fpt%2Fpower||&#8221;]<\/p>\n<p style=\"text-align: center;\">Coloca\u00e7\u00e3o em funcionamento<\/p>\n<p>[\/stm_icon_box][\/vc_column][vc_column width=&#8221;1\/6&#8243; css=&#8221;.vc_custom_1446801433678{padding-right: 0px !important;padding-left: 0px !important;}&#8221;][stm_icon_box icon=&#8221;fa fa-book&#8221; icon_size=&#8221;61&#8243; icon_height=&#8221;69&#8243; icon_color=&#8221;#fdc735&#8243; title=&#8221;INTRU\u00c7OES&#8221; box_text_color=&#8221;#0a0a0a&#8221; css_icon=&#8221;.vc_custom_1469460414647{padding-right: 0px !important;padding-left: 0px !important;}&#8221; link=&#8221;url:http%3A%2F%2Finstructionsos.com%2Fpdf%2FPT_GT.pdf||target:%20_blank&#8221;]<\/p>\n<p style=\"text-align: center;\">Transferir<\/p>\n<p>[\/stm_icon_box][\/vc_column][vc_column width=&#8221;1\/6&#8243; css=&#8221;.vc_custom_1446800996454{padding-right: 0px !important;padding-left: 0px !important;}&#8221;][stm_icon_box icon=&#8221;fa fa-youtube-play&#8221; icon_size=&#8221;62&#8243; icon_height=&#8221;69&#8243; icon_color=&#8221;#fdc735&#8243; title=&#8221;V\u00cdDEO DO SERVI\u00c7O P\u00d3S-VENDA&#8221; box_text_color=&#8221;#0a0a0a&#8221; css_icon=&#8221;.vc_custom_1448463024387{padding-right: 0px !important;padding-left: 0px !important;}&#8221; link=&#8221;url:http%3A%2F%2Finstructionsos.com%2Fpt%2Fvideos%2F||&#8221;]<\/p>\n<p style=\"text-align: center;\">Ver os v\u00eddeos<\/p>\n<p>[\/stm_icon_box][\/vc_column][vc_column width=&#8221;1\/6&#8243; css=&#8221;.vc_custom_1446801445398{padding-right: 0px !important;padding-left: 0px !important;}&#8221;][stm_icon_box icon=&#8221;fa fa-question-circle&#8221; icon_size=&#8221;57&#8243; icon_height=&#8221;69&#8243; icon_color=&#8221;#fdc735&#8243; title=&#8221;FAQ&#8221; box_text_color=&#8221;#000000&#8243; link=&#8221;url:http%3A%2F%2Finstructionsos.com%2Fpt%2Ffaq%2F||&#8221;]<\/p>\n<p style=\"text-align: center;\">Descobrir<\/p>\n<p>[\/stm_icon_box][\/vc_column][vc_column width=&#8221;1\/6&#8243; css=&#8221;.vc_custom_1446801451190{padding-right: 0px !important;padding-left: 0px !important;}&#8221;][stm_icon_box icon=&#8221;fa fa-wrench&#8221; icon_size=&#8221;62&#8243; icon_height=&#8221;69&#8243; icon_color=&#8221;#fdc735&#8243; title=&#8221;PE\u00c7AS DE REPOSI\u00c7\u00c3O&#8221; box_text_color=&#8221;#000000&#8243; link=&#8221;url:http%3A%2F%2Finstructionsos.com%2Fpt%2Fpieces%2F||&#8221;]<\/p>\n<p style=\"text-align: center;\">Consultar<\/p>\n<p>[\/stm_icon_box][\/vc_column][vc_column width=&#8221;1\/6&#8243; css=&#8221;.vc_custom_1446801456677{padding-right: 0px !important;padding-left: 0px !important;}&#8221;][stm_icon_box icon=&#8221;fa fa-comments&#8221; icon_height=&#8221;69&#8243; icon_color=&#8221;#fdc735&#8243; title=&#8221;ASSIST\u00caNCIA E GARANTIA&#8221; box_text_color=&#8221;#000000&#8243; link=&#8221;url:http%3A%2F%2Finstructionsos.com%2Fpt%2Fassistance%2F||&#8221;]<\/p>\n<p style=\"text-align: center;\">Para saber mais<\/p>\n<p>[\/stm_icon_box][\/vc_column][\/vc_row]<\/p>","protected":false},"excerpt":{"rendered":"<p>[vc_row full_width=&#8221;stretch_row_content_no_spaces&#8221; css=&#8221;.vc_custom_1432531325225{margin-bottom: 0px !important;}&#8221;][vc_column][rev_slider_vc alias=&#8221;instructions-os-pt&#8221;][\/vc_column][\/vc_row][vc_row full_width=&#8221;stretch_row&#8221; css=&#8221;.vc_custom_1456218849778{margin-top: 0px !important;margin-right: 0px !important;margin-bottom: 28px !important;margin-left: 0px !important;}&#8221; el_class=&#8221;overflowed_content home-icons&#8221;][vc_column width=&#8221;1\/6&#8243; css=&#8221;.vc_custom_1446800878984{padding-right: 0px !important;padding-left: 0px !important;}&#8221;][stm_icon_box icon=&#8221;fa fa-plug&#8221; icon_height=&#8221;62&#8243; icon_color=&#8221;#fdc735&#8243; title=&#8221;DESCRI\u00c7\u00c3O DA FONTE&#8221; box_text_color=&#8221;#0a0a0a&#8221; link=&#8221;url:http%3A%2F%2Finstructionsos.com%2Fpt%2Fpower||&#8221;] Coloca\u00e7\u00e3o em funcionamento [\/stm_icon_box][\/vc_column][vc_column width=&#8221;1\/6&#8243; css=&#8221;.vc_custom_1446801433678{padding-right: 0px !important;padding-left: 0px !important;}&#8221;][stm_icon_box icon=&#8221;fa fa-book&#8221; icon_size=&#8221;61&#8243; icon_height=&#8221;69&#8243; icon_color=&#8221;#fdc735&#8243; title=&#8221;INTRU\u00c7OES&#8221; box_text_color=&#8221;#0a0a0a&#8221; css_icon=&#8221;.vc_custom_1469460414647{padding-right: 0px !important;padding-left: 0px !important;}&#8221; [&hellip;]<\/p>\n","protected":false},"author":1,"featured_media":0,"parent":0,"menu_order":0,"comment_status":"closed","ping_status":"closed","template":"","meta":{"_mi_skip_tracking":false},"acf":[],"_links":{"self":[{"href":"https:\/\/instructionsos.com\/pt\/wp-json\/wp\/v2\/pages\/8"}],"collection":[{"href":"https:\/\/instructionsos.com\/pt\/wp-json\/wp\/v2\/pages"}],"about":[{"href":"https:\/\/instructionsos.com\/pt\/wp-json\/wp\/v2\/types\/page"}],"author":[{"embeddable":true,"href":"https:\/\/instructionsos.com\/pt\/wp-json\/wp\/v2\/users\/1"}],"replies":[{"embeddable":true,"href":"https:\/\/instructionsos.com\/pt\/wp-json\/wp\/v2\/comments?post=8"}],"version-history":[{"count":6,"href":"https:\/\/instructionsos.com\/pt\/wp-json\/wp\/v2\/pages\/8\/revisions"}],"predecessor-version":[{"id":2005,"href":"https:\/\/instructionsos.com\/pt\/wp-json\/wp\/v2\/pages\/8\/revisions\/2005"}],"wp:attachment":[{"href":"https:\/\/instructionsos.com\/pt\/wp-json\/wp\/v2\/media?parent=8"}],"curies":[{"name":"wp","href":"https:\/\/api.w.org\/{rel}","templated":true}]}}