{"id":7,"date":"2014-11-24T15:26:24","date_gmt":"2014-11-24T14:26:24","guid":{"rendered":"http:\/\/localhost\/instructionsosv2\/?page_id=7"},"modified":"2017-09-12T10:17:39","modified_gmt":"2017-09-12T09:17:39","slug":"pieces","status":"publish","type":"page","link":"https:\/\/instructionsos.com\/pt\/pieces\/","title":{"rendered":"PE\u00c7AS DE REPOSI\u00c7\u00c3O"},"content":{"rendered":"<p>[vc_row][vc_column css=&#8221;.vc_custom_1456135100233{margin-bottom: 60px !important;}&#8221;][vc_single_image image=&#8221;1966&#8243; img_size=&#8221;full&#8221;][\/vc_column][vc_column width=&#8221;1\/2&#8243;][vc_column_text]<\/p>\n<table>\n<tbody>\n<tr>\n<td class=\"table-number table-head\" width=\"50\"><strong>N\u00b0<\/strong><\/td>\n<td class=\"table-name table-head\" width=\"149\"><strong>Descri\u00e7\u00e3o<\/strong><\/td>\n<td class=\"table-head\" width=\"26\"><strong>Refer\u00eancia<\/strong><\/td>\n<td class=\"table-head\" width=\"66\"><\/td>\n<\/tr>\n<tr>\n<td class=\"table-number\" width=\"50\"><strong>01<\/strong><\/td>\n<td class=\"table-name\" width=\"149\">Chapa de fecho da cuba de imers\u00e3o<\/td>\n<td width=\"26\">CSEQFOFC<\/td>\n<td width=\"66\">065-001<\/td>\n<\/tr>\n<tr>\n<td class=\"table-number\" width=\"50\"><strong>02<\/strong><\/td>\n<td class=\"table-name\" width=\"149\">tamp\u00e3o inox<\/td>\n<td width=\"26\">CSEQFO<\/td>\n<td width=\"66\">000066<\/td>\n<\/tr>\n<tr>\n<td class=\"table-number\" width=\"50\"><strong>03<\/strong><\/td>\n<td class=\"table-name\" width=\"149\">Filtro cesto 700\u00b5<\/td>\n<td width=\"26\">CSEQFO<\/td>\n<td width=\"66\">000289<\/td>\n<\/tr>\n<tr>\n<td class=\"table-number\" width=\"50\"><strong>04<\/strong><\/td>\n<td class=\"table-name\" width=\"149\">filtro de bolso 50\u00b5<\/td>\n<td width=\"26\">CSEQFO<\/td>\n<td width=\"66\">000125<\/td>\n<\/tr>\n<tr>\n<td class=\"table-number\" width=\"50\"><strong>05<\/strong><\/td>\n<td class=\"table-name\" width=\"149\"><span class=\"font5\">Conjunto <\/span><span class=\"font0\">Porta-ferramentas FS06<\/span><\/td>\n<td width=\"26\">CSEQFO<\/td>\n<td width=\"66\">000111-4<\/td>\n<\/tr>\n<tr>\n<td class=\"table-number\" width=\"50\"><strong>06<\/strong><\/td>\n<td class=\"table-name\" width=\"149\">Jun\u00e7\u00e3o rapida JB<\/td>\n<td width=\"26\">CSEQFO<\/td>\n<td width=\"66\">000103<\/td>\n<\/tr>\n<tr>\n<td class=\"table-number\" width=\"50\"><strong>08a<\/strong><\/td>\n<td class=\"table-name\" width=\"149\">Ferramenta escova aparafus\u00e1vel &#8211; duro FO 5\/10\u00b0<\/td>\n<td width=\"26\">CSEQFO<\/td>\n<td width=\"66\">000102-4<\/td>\n<\/tr>\n<tr>\n<td class=\"table-number\" width=\"50\"><strong>08b<\/strong><\/td>\n<td class=\"table-name\" width=\"149\">Ferramenta escova aparafus\u00e1vel &#8211; flex\u00edvel FO 4\/10\u00b0 (opcional)<\/td>\n<td width=\"26\">CSEQFO<\/td>\n<td width=\"66\">000102-3<\/td>\n<\/tr>\n<tr>\n<td class=\"table-number\" width=\"50\"><strong>09<\/strong><\/td>\n<td class=\"table-name\" width=\"149\">Tubo semi-r\u00edgido<\/td>\n<td width=\"26\">CSEQFO<\/td>\n<td width=\"66\">000523<\/td>\n<\/tr>\n<tr>\n<td class=\"table-number\" width=\"50\"><strong>10<\/strong><\/td>\n<td class=\"table-name\" width=\"149\">Filtro de nylon lav\u00e1vel 100\u00b5<\/td>\n<td width=\"26\">CSEQFO<\/td>\n<td width=\"66\">000123<\/td>\n<\/tr>\n<tr>\n<td class=\"table-number\" width=\"50\"><strong>11<\/strong><\/td>\n<td class=\"table-name\" width=\"149\">Arma\u00e7\u00e3o filtro nylon<\/td>\n<td width=\"26\">CSEQFO<\/td>\n<td width=\"66\">000433<\/td>\n<\/tr>\n<tr>\n<td class=\"table-number\" width=\"50\"><strong>12<\/strong><\/td>\n<td class=\"table-name\" width=\"149\">chave de desmontagem filtro<\/td>\n<td width=\"26\">\u00a0CSEQFO<\/td>\n<td width=\"66\">\u00a0000537<\/td>\n<\/tr>\n<tr>\n<td class=\"table-number\" width=\"50\"><strong>13<\/strong><\/td>\n<td class=\"table-name\" width=\"149\">Junta vedante para tanque filtro<\/td>\n<td width=\"26\">\u00a0CSEQFO<\/td>\n<td width=\"66\">\u00a0000160<\/td>\n<\/tr>\n<tr>\n<td class=\"table-number\" width=\"50\"><strong>14<\/strong><\/td>\n<td class=\"table-name\" width=\"149\">Junta 32&#215;45 ep 2mm<\/td>\n<td width=\"26\">CSEQFO<\/td>\n<td width=\"66\">000447<\/td>\n<\/tr>\n<tr>\n<td class=\"table-number\" width=\"50\"><strong>15<\/strong><\/td>\n<td class=\"table-name\" width=\"149\">Filtro para bomba 1200L\/h<\/td>\n<td width=\"26\">CSEQFO<\/td>\n<td width=\"66\">000518<\/td>\n<\/tr>\n<\/tbody>\n<\/table>\n<p>[\/vc_column_text][\/vc_column][vc_column width=&#8221;1\/2&#8243; el_class=&#8221;left-table-responsive&#8221;][vc_column_text]<\/p>\n<table>\n<tbody>\n<tr>\n<td class=\"table-number table-head\" width=\"50\"><strong>N\u00b0<\/strong><\/td>\n<td class=\"table-name table-head\" width=\"149\"><strong>Descri\u00e7\u00e3o<\/strong><\/td>\n<td class=\"table-head\" width=\"26\"><strong>Refer\u00eancia<\/strong><\/td>\n<td class=\"table-head\" width=\"66\"><\/td>\n<\/tr>\n<tr>\n<td class=\"table-number\" width=\"50\"><strong>20<\/strong><\/td>\n<td class=\"table-name\" width=\"149\">Kit eletro<span class=\"font0\">n. FS06 <\/span><span class=\"font5\">sem<\/span><span class=\"font0\"> Bomba<\/span><\/td>\n<td width=\"26\">CSEQFO<\/td>\n<td width=\"66\">00055-2<\/td>\n<\/tr>\n<tr>\n<td class=\"table-number\" width=\"50\"><strong>21<\/strong><\/td>\n<td class=\"table-name\" width=\"149\">Sensor de temperatura<\/td>\n<td width=\"26\">CSEQFO<\/td>\n<td width=\"66\">000122-1<\/td>\n<\/tr>\n<tr>\n<td class=\"table-number\" width=\"50\"><strong>22<\/strong><\/td>\n<td class=\"table-name\" width=\"149\">Sensor de n\u00edvel FS00<\/td>\n<td width=\"26\">CSEQFO<\/td>\n<td width=\"66\">000035<\/td>\n<\/tr>\n<tr>\n<td class=\"table-number\" width=\"50\"><strong>23<\/strong><\/td>\n<td class=\"table-name\" width=\"149\">Resist\u00eancia FS06<\/td>\n<td width=\"26\">CSEQFO<\/td>\n<td width=\"66\">000384<\/td>\n<\/tr>\n<tr>\n<td class=\"table-number\" width=\"50\"><strong>24<\/strong><\/td>\n<td class=\"table-name\" width=\"149\">Bomba de circula\u00e7\u00e3o con tubo<\/td>\n<td width=\"26\">CSEQFO<\/td>\n<td width=\"66\">000190-1<\/td>\n<\/tr>\n<tr>\n<td class=\"table-number\" width=\"50\"><strong>25<\/strong><\/td>\n<td class=\"table-name\" width=\"149\">Eixo para bomba<\/td>\n<td width=\"26\">CSEQFO<\/td>\n<td width=\"66\">000345<\/td>\n<\/tr>\n<tr>\n<td class=\"table-number\" width=\"50\"><strong>26<\/strong><\/td>\n<td class=\"table-name\" width=\"149\">Bomba de ar<\/td>\n<td width=\"26\">CSEQFO<\/td>\n<td width=\"66\">000187-1<\/td>\n<\/tr>\n<tr>\n<td class=\"table-number\" width=\"50\"><strong>27<\/strong><\/td>\n<td class=\"table-name\" width=\"149\">Tubo da bomba de ar<\/td>\n<td width=\"26\">CSEQFO<\/td>\n<td width=\"66\">000282<\/td>\n<\/tr>\n<tr>\n<td class=\"table-number\" width=\"50\"><strong>28<\/strong><\/td>\n<td class=\"table-name\" width=\"149\">Bot\u00e3o de comando<\/td>\n<td width=\"26\">CSEQFO<\/td>\n<td width=\"66\">000053<\/td>\n<\/tr>\n<tr>\n<td class=\"table-number\" width=\"50\"><strong>29<\/strong><\/td>\n<td class=\"table-name\" width=\"149\">Kit fus\u00edveis (250mA\u00a0 T, 2A F, 4A F, 6,3A)<\/td>\n<td width=\"26\">CSEQFO<\/td>\n<td width=\"66\">000011<\/td>\n<\/tr>\n<tr>\n<td class=\"table-number\" width=\"50\"><strong>30<\/strong><\/td>\n<td class=\"table-name\" width=\"149\">Fus\u00edvel (4A\u00a0 F)<\/td>\n<td width=\"26\"><\/td>\n<td width=\"66\"><\/td>\n<\/tr>\n<tr>\n<td class=\"table-number\" width=\"50\"><strong>31<\/strong><\/td>\n<td class=\"table-name\" width=\"149\">Fus\u00edvel (250mA\u00a0 T)<\/td>\n<td width=\"26\"><\/td>\n<td width=\"66\"><\/td>\n<\/tr>\n<tr>\n<td class=\"table-number\" width=\"50\"><strong>32<\/strong><\/td>\n<td class=\"table-name\" width=\"149\">Fus\u00edvel (2A\u00a0 F)<\/td>\n<td width=\"26\"><\/td>\n<td width=\"66\"><\/td>\n<\/tr>\n<tr>\n<td class=\"table-number\" width=\"50\"><strong>33<\/strong><\/td>\n<td class=\"table-name\" width=\"149\">Fus\u00edvel (6,3A F 230v)<\/td>\n<td width=\"26\"><\/td>\n<td width=\"66\"><\/td>\n<\/tr>\n<tr>\n<td class=\"table-number table-option\" width=\"50\"><\/td>\n<td class=\"table-name table-option\" width=\"149\"><em>Opcional:<\/em><\/td>\n<td class=\"table-option\" width=\"26\"><\/td>\n<td class=\"table-option\" width=\"66\"><\/td>\n<\/tr>\n<tr>\n<td class=\"table-number\" width=\"50\"><\/td>\n<td class=\"table-name\" width=\"149\">Tampa do lavat\u00f3rio<\/td>\n<td width=\"26\">CSEQFO<\/td>\n<td width=\"66\">000349<\/td>\n<\/tr>\n<\/tbody>\n<\/table>\n<p>[\/vc_column_text][\/vc_column][\/vc_row]<\/p>","protected":false},"excerpt":{"rendered":"<p>[vc_row][vc_column css=&#8221;.vc_custom_1456135100233{margin-bottom: 60px !important;}&#8221;][vc_single_image image=&#8221;1966&#8243; img_size=&#8221;full&#8221;][\/vc_column][vc_column width=&#8221;1\/2&#8243;][vc_column_text] N\u00b0 Descri\u00e7\u00e3o Refer\u00eancia 01 Chapa de fecho da cuba de imers\u00e3o CSEQFOFC 065-001 02 tamp\u00e3o inox CSEQFO 000066 03 Filtro cesto 700\u00b5 CSEQFO 000289 04 filtro de bolso 50\u00b5 CSEQFO 000125 05 Conjunto Porta-ferramentas FS06 CSEQFO 000111-4 06 Jun\u00e7\u00e3o rapida JB CSEQFO 000103 08a Ferramenta escova aparafus\u00e1vel &#8211; [&hellip;]<\/p>\n","protected":false},"author":1,"featured_media":0,"parent":0,"menu_order":0,"comment_status":"closed","ping_status":"closed","template":"","meta":{"_mi_skip_tracking":false},"acf":[],"_links":{"self":[{"href":"https:\/\/instructionsos.com\/pt\/wp-json\/wp\/v2\/pages\/7"}],"collection":[{"href":"https:\/\/instructionsos.com\/pt\/wp-json\/wp\/v2\/pages"}],"about":[{"href":"https:\/\/instructionsos.com\/pt\/wp-json\/wp\/v2\/types\/page"}],"author":[{"embeddable":true,"href":"https:\/\/instructionsos.com\/pt\/wp-json\/wp\/v2\/users\/1"}],"replies":[{"embeddable":true,"href":"https:\/\/instructionsos.com\/pt\/wp-json\/wp\/v2\/comments?post=7"}],"version-history":[{"count":14,"href":"https:\/\/instructionsos.com\/pt\/wp-json\/wp\/v2\/pages\/7\/revisions"}],"predecessor-version":[{"id":2013,"href":"https:\/\/instructionsos.com\/pt\/wp-json\/wp\/v2\/pages\/7\/revisions\/2013"}],"wp:attachment":[{"href":"https:\/\/instructionsos.com\/pt\/wp-json\/wp\/v2\/media?parent=7"}],"curies":[{"name":"wp","href":"https:\/\/api.w.org\/{rel}","templated":true}]}}