{"id":319,"date":"2015-01-07T14:39:25","date_gmt":"2015-01-07T14:39:25","guid":{"rendered":"http:\/\/instructionsos.com\/?page_id=319"},"modified":"2016-02-26T15:39:33","modified_gmt":"2016-02-26T14:39:33","slug":"power","status":"publish","type":"page","link":"https:\/\/instructionsos.com\/pt\/power\/","title":{"rendered":"DESCRI\u00c7\u00c3O DA FONTE"},"content":{"rendered":"<p>[vc_row][vc_column][vc_column_text]<\/p>\n<h1 style=\"margin-top: 0; color: #fdc735;\">DESEMBALAMENTO<\/h1>\n<p>[\/vc_column_text][vc_column_text]<br \/>\n<strong>Fase 1 :<\/strong> Abrir a tampa, e desembalar a bomba que est\u00e1 no tanque.<br \/>\n<strong>Fase 2 :<\/strong> Remover a chapa inox ondulada, a tampa com pinos indexadores e o filtro inox.<br \/>\n<strong>Fase 3 :<\/strong> Retirar o tanque desencaixando o tubo preto por baixo do mesmo e remover o tubo do pincel.<br \/>\n<strong>Fase 4 :<\/strong> Colocar a bomba no fundo da cuba no local previsto (entre os 4 p\u00e9s) e ligar o seu cabo el\u00e9trico ao kit: inserir o conector no anel verde e apertar o anel verde para fixar o conector. Ligar o tubo da bomba ao tubo do filtro com o conector r\u00e1pido.<br \/>\n<strong>Fase 5 :<\/strong> Colocar o tanque novamente no seu lugar. Voltar a encaixar o tubo preto por baixo do tanque e colocar novamente o tubo do pincel no seu entalhe.<br \/>\n<strong>Fase 6 :<\/strong> Colocar novamente o filtro inox, a tampa com pinos indexadores (os pinos indexadores devem estar posicionados, com as dobras viradas para cima), e a chapa inox ondulada.<br \/>\n[\/vc_column_text][vc_video link=&#8221;https:\/\/www.youtube.com\/embed\/v6JMPT29Ac8&#8243;][\/vc_column][\/vc_row][vc_row][vc_column][vc_column_text]<\/p>\n<h1 style=\"margin-top: 0; color: #fdc735;text-transform:uppercase;\">Coloca\u00e7\u00e3o em funcionamento<\/h1>\n<p>[\/vc_column_text][vc_column_text]<\/p>\n<p><strong>Fase 1 :<\/strong> Encher com l\u00edquido at\u00e9 atingir um n\u00edvel suficiente (no m\u00ednimo 60 L de l\u00edquido).<br \/>\n<strong>Fase 2 :<\/strong> Colocar a fonte na fun\u00e7\u00e3o de aquecimento, carregando no interruptor &#8220;C\u00b0 on\/off&#8221;; no ecr\u00e3 ir\u00e1 aparecer a indica\u00e7\u00e3o &#8220;em aquecimento&#8221;.<br \/>\n<strong>Fase 3 :<\/strong> Introduzir uma pastilha no furo retangular previsto para esse efeito.<br \/>\n<strong>Fase 4 :<\/strong> Afixar na parede, por cima da fonte, o documento de controlo do estado de manuten\u00e7\u00e3o da fonte.<br \/>\n<strong>Fase 5 :<\/strong> Sempre que se introduzir uma nova pastilha, anotar as datas na tabela do documento de controlo do estado de manuten\u00e7\u00e3o.<br \/>\n<strong>Fase 6 :<\/strong> A fonte est\u00e1 pronta para ser utilizada quando aparecer no ecr\u00e3 a indica\u00e7\u00e3o &#8220;temperatura ok&#8221;.<br \/>\n[\/vc_column_text][vc_video link=&#8221;https:\/\/www.youtube.com\/embed\/UHf6RlQQiWw&#8221;][\/vc_column][\/vc_row][vc_row][vc_column width=&#8221;1\/2&#8243;][vc_column_text]<\/p>\n<h1 style=\"margin-top: 0; color: #fdc735;\">MODALIDADE BOOST<\/h1>\n<h3 style=\"margin-top: -5px;\">Aumento regular da temperatura de 5 \u00b0C<\/h3>\n<p>O aumento da temperatura permite desengordurar de modo eficaz as pe\u00e7as que apresentem sujidades persistentes.<\/p>\n<p><strong>Fase 1 :<\/strong> Carregar na tecla BOOST. O led &#8220;B&#8221; come\u00e7a a piscar e o led &#8220;AQUECIMENTO&#8221; acende-se.<br \/>\n<strong>Fase 2 :<\/strong> Uma vez atingida a temperatura, a fun\u00e7\u00e3o aquecimento desativa-se. Os leds &#8220;B&#8221; e &#8220;AQUECIMENTO&#8221; ficam fixos.<br \/>\n<strong>Fase 3 :<\/strong> O led &#8220;AQUECIMENTO&#8221; pisca lentamente at\u00e9 a temperatura regressar ao valor inicial.<\/p>\n<p>[\/vc_column_text][\/vc_column][vc_column width=&#8221;1\/2&#8243;][vc_column_text]<\/p>\n<h1 style=\"margin-top: 0; color: #fdc735;\">MODALIDADE DE FUNCIONAMENTO ECO<\/h1>\n<h3 style=\"margin-top: -5px;\">Diminui\u00e7\u00e3o tempor\u00e1ria da temperatura a 30\u00b0C<\/h3>\n<p>A modalidade de funcionamento ECO permite diminuir a temperatura do banho para reduzir o consumo de eletricidade durante um determinado per\u00edodo de tempo (regul\u00e1vel, consultar instru\u00e7\u00f5es). Decorrido esse per\u00edodo de tempo, a temperatura regressa \u00e0 temperatura de servi\u00e7o normal.<\/p>\n<p><strong>Fase 1 :<\/strong> Ap\u00f3s se carregar na tecla ECO, o led &#8220;AQUECIMENTO&#8221; apaga-se e o led laranja &#8220;\u20ac&#8221; come\u00e7a a piscar lentamente.<br \/>\n<strong>Fase 2 :<\/strong> Uma vez atingida a temperatura (30\u00b0C), esta mant\u00e9m-se por 11 horas (regul\u00e1vel, consultar instru\u00e7\u00f5es). Nota: Ao pressionar a tecla bomba, a modalidade ECO desativa-se.<br \/>\n<strong>Fase 3 :<\/strong> Decorrido o tempo estabelecido, a temperatura aumenta at\u00e9 38\u00b0 C. O led &#8220;AQUECIMENTO&#8221; come\u00e7a a piscar lentamente.[\/vc_column_text][\/vc_column][\/vc_row]<\/p>","protected":false},"excerpt":{"rendered":"<p>[vc_row][vc_column][vc_column_text] DESEMBALAMENTO [\/vc_column_text][vc_column_text] Fase 1 : Abrir a tampa, e desembalar a bomba que est\u00e1 no tanque. Fase 2 : Remover a chapa inox ondulada, a tampa com pinos indexadores e o filtro inox. Fase 3 : Retirar o tanque desencaixando o tubo preto por baixo do mesmo e remover o tubo do pincel. Fase [&hellip;]<\/p>\n","protected":false},"author":1,"featured_media":0,"parent":0,"menu_order":0,"comment_status":"closed","ping_status":"closed","template":"","meta":{"_mi_skip_tracking":false},"acf":[],"_links":{"self":[{"href":"https:\/\/instructionsos.com\/pt\/wp-json\/wp\/v2\/pages\/319"}],"collection":[{"href":"https:\/\/instructionsos.com\/pt\/wp-json\/wp\/v2\/pages"}],"about":[{"href":"https:\/\/instructionsos.com\/pt\/wp-json\/wp\/v2\/types\/page"}],"author":[{"embeddable":true,"href":"https:\/\/instructionsos.com\/pt\/wp-json\/wp\/v2\/users\/1"}],"replies":[{"embeddable":true,"href":"https:\/\/instructionsos.com\/pt\/wp-json\/wp\/v2\/comments?post=319"}],"version-history":[{"count":4,"href":"https:\/\/instructionsos.com\/pt\/wp-json\/wp\/v2\/pages\/319\/revisions"}],"predecessor-version":[{"id":1997,"href":"https:\/\/instructionsos.com\/pt\/wp-json\/wp\/v2\/pages\/319\/revisions\/1997"}],"wp:attachment":[{"href":"https:\/\/instructionsos.com\/pt\/wp-json\/wp\/v2\/media?parent=319"}],"curies":[{"name":"wp","href":"https:\/\/api.w.org\/{rel}","templated":true}]}}