{"id":1603,"date":"2015-11-06T10:50:44","date_gmt":"2015-11-06T09:50:44","guid":{"rendered":"http:\/\/instructionsos.com\/?page_id=1603"},"modified":"2016-02-26T15:37:11","modified_gmt":"2016-02-26T14:37:11","slug":"faq","status":"publish","type":"page","link":"https:\/\/instructionsos.com\/pt\/faq\/","title":{"rendered":"FAQ"},"content":{"rendered":"<p>[vc_row css=&#8221;.vc_custom_1455717997976{margin-top: 0px !important;padding-left: 0px !important;background-color: #ffffff !important;}&#8221;][vc_column width=&#8221;2\/3&#8243; css=&#8221;.vc_custom_1455718607744{padding-bottom: 30px !important;}&#8221;][vc_toggle title=&#8221;Meu consumo de solu\u00e7\u00e3o de limpar \u00e9 importante, \u00e9 normal?&#8221; style=&#8221;rounded_outline&#8221; color=&#8221;white&#8221; el_id=&#8221;1446044177779-652b46f9-b0d3&#8243; css=&#8221;.vc_custom_1456130544343{padding-left: 30px !important;background-color: #fdc735 !important;}&#8221;]O consumo comum da lavadora \u00e9 de 5 para 12 litros por m\u00eas de acordo com o uso. Este consumo pode ser mais importante se as partes limpadas apresentarem numerosas reten\u00e7\u00f5es. Voc\u00ea tamb\u00e9m pode verificar:<\/p>\n<ol>\n<li>Que h\u00e1 nenhuma fuga da lavadora e que a temperatura do banho \u00e9 boa de 37\/38 \u00b0C.<\/li>\n<li>Que a bomba \u00e9 bem cortada depois o uso da lavadora.<\/li>\n<li>Que a solu\u00e7\u00e3o de limpar n\u00e3o \u00e9 usada fora da lavadora.<\/li>\n<li>Que a placa inox \u00e9 reposto bem em lugar depois de uma opera\u00e7\u00e3o de imers\u00e3o (limite as perdas por evapora\u00e7\u00e3o).<\/li>\n<\/ol>\n<p>[\/vc_toggle][vc_toggle title=&#8221;Por que \u00e9 uma mudan\u00e7a de cor ou cheiro de solu\u00e7\u00e3o de limpar?&#8221; style=&#8221;rounded_outline&#8221; color=&#8221;white&#8221; el_id=&#8221;1446048200354-a353041d-df65&#8243; css=&#8221;.vc_custom_1456130622694{padding-left: 30px !important;background-color: #fdc735 !important;}&#8221;]A solu\u00e7\u00e3o de limpar escurece do primeiro uso. Ao contr\u00e1rio de um solvente, isto n\u00e3o tem nenhuma incid\u00eancia na efici\u00eancia do desengorduramento; a solu\u00e7\u00e3o de limpar toma simplesmente a cor de \u00f3leo e hidrocarboneto.<br \/>\nSe voc\u00ea notar uma mudan\u00e7a importante de cheiro, pode ser o resultado de uma oxigena\u00e7\u00e3o ruim. Verifique\u00a0o bom funcionamento da bomba de ar.<br \/>\nTamb\u00e9m pode favorecer a oxigena\u00e7\u00e3o fazendo circule o fluido durante 30 minutos. Voc\u00ea tamb\u00e9m pode somar uma tablete[\/vc_toggle][vc_toggle title=&#8221;O que devo fazer se a qualidade da limpeza diminui?&#8221; style=&#8221;rounded_outline&#8221; color=&#8221;white&#8221; el_id=&#8221;1446048207922-6d87044d-0538&#8243; css=&#8221;.vc_custom_1456130643000{padding-left: 30px !important;background-color: #fdc735 !important;}&#8221;]<\/p>\n<ol>\n<li>Verifique a temperatura (indicado na tela)<\/li>\n<li>Ao contr\u00e1rio de uma lavadora solvente, a lavadora biol\u00f3gica continua a \u00a0desengorduramento \u00a0mesmo mesmo se a solu\u00e7\u00e3o de limpar claramente escurecesse \u00a0(contanto que s\u00e3o somadas bem tabletes de microorganismos) . No entanto, se voc\u00ea observar um decl\u00ednio significativo na qualidade de desengorduramento, voc\u00ea pode adicionar uma tablete e fazer circular a solu\u00e7\u00e3o de limpeza durante 30 minutos.<\/li>\n<\/ol>\n<p>[\/vc_toggle][vc_toggle title=&#8221;Ao drenar a fonte?&#8221; style=&#8221;rounded_outline&#8221; color=&#8221;white&#8221; el_id=&#8221;1446048206783-34b4fcd8-c34f&#8221; css=&#8221;.vc_custom_1456130664993{padding-left: 30px !important;background-color: #fdc735 !important;}&#8221;]Em teoria, nunca. Com efeito, a sujidade org\u00e2nica \u00e9 biodegrad\u00e1vel, de forma que eles n\u00e3o se acumulam como \u00e9 o caso com um solvente desengorduramento ou detergentes convencionais. Este \u00e9 o lugar onde o interesse da nossa lavadora e e nosso processo. Recomendamos uma limpeza anual para as limpezas intensivas e a cada 18 meses para os servi\u00e7os menos intensivos. Limpar a lavadora elimina as lamas que se formam ao longo do tempo na parte inferior do tanque, e interrompendo o aquecimento do fluxo de fluido. Estas lamas s\u00e3o derivados a partir das part\u00edculas s\u00f3lidas contidas no solo limpo.<br \/>\nNa pr\u00e1tica, se a qualidade da limpeza diminui consideravelmente, para fazer uma mudan\u00e7a completa do banho.[\/vc_toggle][\/vc_column][vc_column width=&#8221;1\/3&#8243; css=&#8221;.vc_custom_1446048854935{background-color: #ffffff !important;}&#8221;][stm_sign_up_now form=&#8221;1872&#8243; title=&#8221;D\u00favidas?&#8221; css=&#8221;.vc_custom_1456131389287{padding-top: 30px !important;padding-bottom: 30px !important;background-color: #d8d8d8 !important;}&#8221;][\/vc_column][\/vc_row]<\/p>","protected":false},"excerpt":{"rendered":"<p>[vc_row css=&#8221;.vc_custom_1455717997976{margin-top: 0px !important;padding-left: 0px !important;background-color: #ffffff !important;}&#8221;][vc_column width=&#8221;2\/3&#8243; css=&#8221;.vc_custom_1455718607744{padding-bottom: 30px !important;}&#8221;][vc_toggle title=&#8221;Meu consumo de solu\u00e7\u00e3o de limpar \u00e9 importante, \u00e9 normal?&#8221; style=&#8221;rounded_outline&#8221; color=&#8221;white&#8221; el_id=&#8221;1446044177779-652b46f9-b0d3&#8243; css=&#8221;.vc_custom_1456130544343{padding-left: 30px !important;background-color: #fdc735 !important;}&#8221;]O consumo comum da lavadora \u00e9 de 5 para 12 litros por m\u00eas de acordo com o uso. Este consumo pode ser mais importante se as [&hellip;]<\/p>\n","protected":false},"author":1,"featured_media":0,"parent":0,"menu_order":0,"comment_status":"closed","ping_status":"closed","template":"","meta":{"_mi_skip_tracking":false},"acf":[],"_links":{"self":[{"href":"https:\/\/instructionsos.com\/pt\/wp-json\/wp\/v2\/pages\/1603"}],"collection":[{"href":"https:\/\/instructionsos.com\/pt\/wp-json\/wp\/v2\/pages"}],"about":[{"href":"https:\/\/instructionsos.com\/pt\/wp-json\/wp\/v2\/types\/page"}],"author":[{"embeddable":true,"href":"https:\/\/instructionsos.com\/pt\/wp-json\/wp\/v2\/users\/1"}],"replies":[{"embeddable":true,"href":"https:\/\/instructionsos.com\/pt\/wp-json\/wp\/v2\/comments?post=1603"}],"version-history":[{"count":1,"href":"https:\/\/instructionsos.com\/pt\/wp-json\/wp\/v2\/pages\/1603\/revisions"}],"predecessor-version":[{"id":1996,"href":"https:\/\/instructionsos.com\/pt\/wp-json\/wp\/v2\/pages\/1603\/revisions\/1996"}],"wp:attachment":[{"href":"https:\/\/instructionsos.com\/pt\/wp-json\/wp\/v2\/media?parent=1603"}],"curies":[{"name":"wp","href":"https:\/\/api.w.org\/{rel}","templated":true}]}}