{"id":1603,"date":"2015-11-06T10:50:44","date_gmt":"2015-11-06T09:50:44","guid":{"rendered":"http:\/\/instructionsos.com\/?page_id=1603"},"modified":"2016-02-26T15:37:11","modified_gmt":"2016-02-26T14:37:11","slug":"faq","status":"publish","type":"page","link":"https:\/\/instructionsos.com\/it\/faq\/","title":{"rendered":"DOMANDE FREQUENTI (FAQ)"},"content":{"rendered":"<p>[vc_row css=&#8221;.vc_custom_1446048779822{margin-top: 0px !important;padding-left: 0px !important;background-color: #ffffff !important;}&#8221;][vc_column width=&#8221;2\/3&#8243; css=&#8221;.vc_custom_1455718595712{padding-bottom: 30px !important;}&#8221;][vc_toggle title=&#8221;Il mio consumo della soluzione detergente \u00e8 notevole, \u00e8 normale?&#8221; style=&#8221;rounded_outline&#8221; color=&#8221;white&#8221; el_id=&#8221;1446044177779-652b46f9-b0d3&#8243; css=&#8221;.vc_custom_1446803866847{padding-left: 30px !important;background-color: #fdc735 !important;}&#8221;]Il consumo medio della vasca \u00e8 5-12 litri al mese, in base al suo utilizzo. Questo consumo pu\u00f2 essere pi\u00f9 rilevante se i pezzi puliti presentano numerose ritenzioni. \u00c8 altres\u00ec possibile verificare:<\/p>\n<ol>\n<li>Che non vi siano perdite della vasca e che la temperatura del bagno sia proprio di 37\/38 \u00b0 C.<\/li>\n<li>Che la pompa sia scollegata dopo l\u2019uso della vasca.<\/li>\n<li>Che la soluzione detergente non sia utilizzata all\u2019esterno della vasca.<\/li>\n<li>Che la piastra in acciaio inox sia ben riposizionata dopo aver eseguito un lavaggio in ammollo (limita le perdite causate dall\u2019evaporazione).<\/li>\n<\/ol>\n<p>[\/vc_toggle][vc_toggle title=&#8221;Perch\u00e9 la soluzione detergente cambia odore o colore?&#8221; style=&#8221;rounded_outline&#8221; color=&#8221;white&#8221; el_id=&#8221;1446048200354-a353041d-df65&#8243; css=&#8221;.vc_custom_1446803880036{padding-left: 30px !important;background-color: #fdc735 !important;}&#8221;]La soluzione detergente si scurisce fin dal primo utilizzo. A differenza di un solvente, questa non influisce sull\u2019efficienza della sgrassatura; la soluzione detergente assume semplicemente il colore degli oli e degli idrocarburi. Se osservate un notevole cambiamento nell\u2019odore, questo pu\u00f2 essere dovuto alla scarsa ossigenazione. Controllare quindi il corretto funzionamento della pompa ad aria.<br \/>\n\u00c8 altres\u00ec possibile favorire l\u2019ossigenazione facendo circolare il fluido per 30 minuti mediante aspersione. \u00c8 inoltre possibile aggiungere una pastiglia.[\/vc_toggle][vc_toggle title=&#8221;Cosa devo fare se peggiora la qualit\u00e0 di lavaggio?&#8221; style=&#8221;rounded_outline&#8221; color=&#8221;white&#8221; el_id=&#8221;1446048207922-6d87044d-0538&#8243; css=&#8221;.vc_custom_1446803905168{padding-left: 30px !important;background-color: #fdc735 !important;}&#8221;]<\/p>\n<ol>\n<li>Controllare la temperatura (indicazione sullo schermo).<\/li>\n<li>A differenza di un solvente, la vasca biologica continua a sgrassare anche se la soluzione detergente \u00e8 notevolmente pi\u00f9 scura (a condizione che siano state aggiunte le pastiglie di microrganismi). Tuttavia, se si osserva un peggioramento significativo della qualit\u00e0 di sgrassatura, \u00e8 possibile aggiungere una pastiglia e far scorrere la soluzione detergente per 30 minuti.<\/li>\n<\/ol>\n<p>[\/vc_toggle][vc_toggle title=&#8221;Quando \u00e8 opportuno svuotare la vasca?&#8221; style=&#8221;rounded_outline&#8221; color=&#8221;white&#8221; el_id=&#8221;1446048206783-34b4fcd8-c34f&#8221; css=&#8221;.vc_custom_1446803916869{padding-left: 30px !important;background-color: #fdc735 !important;}&#8221;]In teoria, mai. Infatti, lo sporco organico \u00e8 biodegradato, quindi non si accumula, come avviene nel caso di una sgrassatura utilizzando solventi o detersivi classici. Ecco perch\u00e9 sono interessanti la nostra vasca e il nostro processo di lavorazione. Si consiglia una pulizia annuale per interventi di manutenzione importanti e ogni 18 mesi per gli interventi meno intensivi. Pulire la vasca consente di eliminare il fango che si forma con il tempo sul fondo del serbatoio, alterando in tal modo il riscaldamento e la circolazione del fluido. Questo fango deriva dalle particelle solide contenute nello sporco, precedentemente pulito. In pratica, se la qualit\u00e0 del lavaggio diminuisce bruscamente, procedere ad un cambio completo del bagno.[\/vc_toggle][\/vc_column][vc_column width=&#8221;1\/3&#8243; css=&#8221;.vc_custom_1446048854935{background-color: #ffffff !important;}&#8221;][stm_sign_up_now form=&#8221;1871&#8243; title=&#8221;Domande?&#8221; css=&#8221;.vc_custom_1446803668166{padding-top: 30px !important;padding-bottom: 30px !important;background-color: #d8d8d8 !important;}&#8221;][\/vc_column][\/vc_row]<\/p>","protected":false},"excerpt":{"rendered":"<p>[vc_row css=&#8221;.vc_custom_1446048779822{margin-top: 0px !important;padding-left: 0px !important;background-color: #ffffff !important;}&#8221;][vc_column width=&#8221;2\/3&#8243; css=&#8221;.vc_custom_1455718595712{padding-bottom: 30px !important;}&#8221;][vc_toggle title=&#8221;Il mio consumo della soluzione detergente \u00e8 notevole, \u00e8 normale?&#8221; style=&#8221;rounded_outline&#8221; color=&#8221;white&#8221; el_id=&#8221;1446044177779-652b46f9-b0d3&#8243; css=&#8221;.vc_custom_1446803866847{padding-left: 30px !important;background-color: #fdc735 !important;}&#8221;]Il consumo medio della vasca \u00e8 5-12 litri al mese, in base al suo utilizzo. Questo consumo pu\u00f2 essere pi\u00f9 rilevante se i pezzi puliti presentano [&hellip;]<\/p>\n","protected":false},"author":1,"featured_media":0,"parent":0,"menu_order":0,"comment_status":"closed","ping_status":"closed","template":"","meta":{"_mi_skip_tracking":false},"acf":[],"_links":{"self":[{"href":"https:\/\/instructionsos.com\/it\/wp-json\/wp\/v2\/pages\/1603"}],"collection":[{"href":"https:\/\/instructionsos.com\/it\/wp-json\/wp\/v2\/pages"}],"about":[{"href":"https:\/\/instructionsos.com\/it\/wp-json\/wp\/v2\/types\/page"}],"author":[{"embeddable":true,"href":"https:\/\/instructionsos.com\/it\/wp-json\/wp\/v2\/users\/1"}],"replies":[{"embeddable":true,"href":"https:\/\/instructionsos.com\/it\/wp-json\/wp\/v2\/comments?post=1603"}],"version-history":[{"count":1,"href":"https:\/\/instructionsos.com\/it\/wp-json\/wp\/v2\/pages\/1603\/revisions"}],"predecessor-version":[{"id":1996,"href":"https:\/\/instructionsos.com\/it\/wp-json\/wp\/v2\/pages\/1603\/revisions\/1996"}],"wp:attachment":[{"href":"https:\/\/instructionsos.com\/it\/wp-json\/wp\/v2\/media?parent=1603"}],"curies":[{"name":"wp","href":"https:\/\/api.w.org\/{rel}","templated":true}]}}