{"id":1603,"date":"2015-11-06T10:50:44","date_gmt":"2015-11-06T09:50:44","guid":{"rendered":"http:\/\/instructionsos.com\/?page_id=1603"},"modified":"2016-02-26T15:37:11","modified_gmt":"2016-02-26T14:37:11","slug":"faq","status":"publish","type":"page","link":"https:\/\/instructionsos.com\/fr\/faq\/","title":{"rendered":"FAQ"},"content":{"rendered":"<p>[vc_row css=\u00a0\u00bb.vc_custom_1455718020705{margin-top: 0px !important;padding-left: 0px !important;background-color: #ffffff !important;}\u00a0\u00bb][vc_column width=\u00a0\u00bb2\/3&Prime; css=\u00a0\u00bb.vc_custom_1455718548016{padding-bottom: 30px !important;}\u00a0\u00bb][vc_toggle title=\u00a0\u00bbMa consommation de solution de nettoyage est importante, est-ce normal ?\u00a0\u00bb style=\u00a0\u00bbrounded_outline\u00a0\u00bb color=\u00a0\u00bbwhite\u00a0\u00bb el_id=\u00a0\u00bb1446044177779-652b46f9-b0d3&Prime; css=\u00a0\u00bb.vc_custom_1446803866847{padding-left: 30px !important;background-color: #fdc735 !important;}\u00a0\u00bb]La consommation moyenne de la fontaine est de 5 \u00e0 12 litres par mois suivant l\u2019utilisation. Cette consommation peut \u00eatre plus importante si les pi\u00e8ces nettoy\u00e9es pr\u00e9sentent de nombreuses r\u00e9tentions. Vous pouvez \u00e9galement v\u00e9rifier :<\/p>\n<ol>\n<li>Qu\u2019il n\u2019y a pas de fuite de la fontaine et que la temp\u00e9rature du bain est bien de 37\/38 \u00b0C.<\/li>\n<li>Que la pompe est bien coup\u00e9e apr\u00e8s l\u2019utilisation de la fontaine.<\/li>\n<li>Que la solution de nettoyage n\u2019est pas utilis\u00e9e \u00e0 l\u2019ext\u00e9rieur de la fontaine.<\/li>\n<li>Que la plaque inox est bien remise en place apr\u00e8s une op\u00e9ration de trempage (limite les pertes par \u00e9vaporation).<\/li>\n<\/ol>\n<p>[\/vc_toggle][vc_toggle title=\u00a0\u00bbPourquoi y a t-il un changement de couleur ou d\u2019odeur de solution de nettoyage ?\u00a0\u00bb style=\u00a0\u00bbrounded_outline\u00a0\u00bb color=\u00a0\u00bbwhite\u00a0\u00bb el_id=\u00a0\u00bb1446048200354-a353041d-df65&Prime; css=\u00a0\u00bb.vc_custom_1446803880036{padding-left: 30px !important;background-color: #fdc735 !important;}\u00a0\u00bb]La solution de nettoyage se fonce d\u00e8s la premi\u00e8re utilisation. Contrairement \u00e0 un solvant, ceci n\u2019a aucune incidence sur l\u2019efficacit\u00e9 du d\u00e9graissage ; la solution de nettoyage prend tout simplement la couleur des huiles et des hydrocarbures.<br \/>\nSi vous remarquez un changement important d\u2019odeur, cela peut provenir d\u2019une mauvaise oxyg\u00e9nation. V\u00e9rifier alors le bon fonctionnement de la pompe \u00e0 air.<br \/>\nVous pouvez \u00e9galement favoriser l\u2019oxyg\u00e9nation en faisant circuler le fluide pendant 30 minutes via l\u2019aspersion. Vous pouvez \u00e9galement ajouter une tablette.[\/vc_toggle][vc_toggle title=\u00a0\u00bbQue dois-je faire si la qualit\u00e9 de nettoyage diminue ?\u00a0\u00bb style=\u00a0\u00bbrounded_outline\u00a0\u00bb color=\u00a0\u00bbwhite\u00a0\u00bb el_id=\u00a0\u00bb1446048207922-6d87044d-0538&Prime; css=\u00a0\u00bb.vc_custom_1446803905168{padding-left: 30px !important;background-color: #fdc735 !important;}\u00a0\u00bb]<\/p>\n<ol>\n<li>V\u00e9rifier la temp\u00e9rature (indication sur l\u2019\u00e9cran)<\/li>\n<li>Contrairement \u00e0 une fontaine solvant, la fontaine biologique continue \u00e0 d\u00e9graisser m\u00eame si la solution de nettoyage s\u2019est nettement fonc\u00e9e (\u00e0 condition que les tablettes de micro-organismes aient bien \u00e9t\u00e9 ajout\u00e9es). Cependant, si vous observez une baisse importante de la qualit\u00e9 de d\u00e9graissage, vous pouvez ajouter une tablette et faire couler la solution de nettoyage durant 30 minutes.<\/li>\n<\/ol>\n<p>[\/vc_toggle][vc_toggle title=\u00a0\u00bbQuand vidanger la fontaine ?\u00a0\u00bb style=\u00a0\u00bbrounded_outline\u00a0\u00bb color=\u00a0\u00bbwhite\u00a0\u00bb el_id=\u00a0\u00bb1446048206783-34b4fcd8-c34f\u00a0\u00bb css=\u00a0\u00bb.vc_custom_1446803916869{padding-left: 30px !important;background-color: #fdc735 !important;}\u00a0\u00bb]En th\u00e9orie, jamais. En effet, les salissures organiques sont biod\u00e9grad\u00e9es, elles ne s\u2019accumulent donc pas comme c\u2019est le cas avec un d\u00e9graissage aux solvants ou aux lessives classiques. C\u2019est l\u00e0 que r\u00e9side l\u2019int\u00e9r\u00eat de notre fontaine et de notre proc\u00e9d\u00e9. Nous recommandons un nettoyage annuel pour les services de maintenance importants et tous les 18 mois pour les services moins intensifs. Nettoyer la fontaine permet d\u2019\u00e9liminer les boues qui se forment avec le temps au fond de la cuve, perturbant ainsi le chauffage et la circulation du fluide. Ces boues sont issues des particules solides contenues dans les salissures nettoy\u00e9es.<br \/>\nDans la pratique, si la qualit\u00e9 de nettoyage diminue fortement, proc\u00e9der au changement int\u00e9gral du bain.[\/vc_toggle][\/vc_column][vc_column width=\u00a0\u00bb1\/3&Prime; css=\u00a0\u00bb.vc_custom_1446048854935{background-color: #ffffff !important;}\u00a0\u00bb][stm_sign_up_now form=\u00a0\u00bb1869&Prime; title=\u00a0\u00bbUne question ?\u00a0\u00bb css=\u00a0\u00bb.vc_custom_1446803668166{padding-top: 30px !important;padding-bottom: 30px !important;background-color: #d8d8d8 !important;}\u00a0\u00bb][\/vc_column][\/vc_row]<\/p>","protected":false},"excerpt":{"rendered":"<p>[vc_row css=\u00a0\u00bb.vc_custom_1455718020705{margin-top: 0px !important;padding-left: 0px !important;background-color: #ffffff !important;}\u00a0\u00bb][vc_column width=\u00a0\u00bb2\/3&Prime; css=\u00a0\u00bb.vc_custom_1455718548016{padding-bottom: 30px !important;}\u00a0\u00bb][vc_toggle title=\u00a0\u00bbMa consommation de solution de nettoyage est importante, est-ce normal ?\u00a0\u00bb style=\u00a0\u00bbrounded_outline\u00a0\u00bb color=\u00a0\u00bbwhite\u00a0\u00bb el_id=\u00a0\u00bb1446044177779-652b46f9-b0d3&Prime; css=\u00a0\u00bb.vc_custom_1446803866847{padding-left: 30px !important;background-color: #fdc735 !important;}\u00a0\u00bb]La consommation moyenne de la fontaine est de 5 \u00e0 12 litres par mois suivant l\u2019utilisation. Cette consommation peut \u00eatre plus importante si les pi\u00e8ces [&hellip;]<\/p>\n","protected":false},"author":1,"featured_media":0,"parent":0,"menu_order":0,"comment_status":"closed","ping_status":"closed","template":"","meta":{"_mi_skip_tracking":false},"acf":[],"_links":{"self":[{"href":"https:\/\/instructionsos.com\/fr\/wp-json\/wp\/v2\/pages\/1603"}],"collection":[{"href":"https:\/\/instructionsos.com\/fr\/wp-json\/wp\/v2\/pages"}],"about":[{"href":"https:\/\/instructionsos.com\/fr\/wp-json\/wp\/v2\/types\/page"}],"author":[{"embeddable":true,"href":"https:\/\/instructionsos.com\/fr\/wp-json\/wp\/v2\/users\/1"}],"replies":[{"embeddable":true,"href":"https:\/\/instructionsos.com\/fr\/wp-json\/wp\/v2\/comments?post=1603"}],"version-history":[{"count":1,"href":"https:\/\/instructionsos.com\/fr\/wp-json\/wp\/v2\/pages\/1603\/revisions"}],"predecessor-version":[{"id":1996,"href":"https:\/\/instructionsos.com\/fr\/wp-json\/wp\/v2\/pages\/1603\/revisions\/1996"}],"wp:attachment":[{"href":"https:\/\/instructionsos.com\/fr\/wp-json\/wp\/v2\/media?parent=1603"}],"curies":[{"name":"wp","href":"https:\/\/api.w.org\/{rel}","templated":true}]}}