{"id":319,"date":"2015-01-07T14:39:25","date_gmt":"2015-01-07T14:39:25","guid":{"rendered":"http:\/\/instructionsos.com\/?page_id=319"},"modified":"2016-02-26T15:39:33","modified_gmt":"2016-02-26T14:39:33","slug":"power","status":"publish","type":"page","link":"https:\/\/instructionsos.com\/es\/power\/","title":{"rendered":"DESCRIPCI\u00d3N DE LA FUENTE"},"content":{"rendered":"<p>[vc_row][vc_column][vc_column_text]<\/p>\n<h1 style=\"margin-top: 0; color: #fdc735;\">DESEMBALAJE<\/h1>\n<p>[\/vc_column_text][vc_column_text]<br \/>\n<strong>Fase 1 :<\/strong> Abrir la cubierta y desembalar la bomba que est\u00e1 en el fregadero.<br \/>\n<strong>Fase 2 :<\/strong> Quitar la chapa de acero inoxidable con la ondulaci\u00f3n, el tap\u00f3n con indicador y el filtro de acero inoxidable.<br \/>\n<strong>Fase 3 :<\/strong> Retirar el fregadero desenganchando el tubo negro bajo el fregadero y quitando el tubo del cepillo.<br \/>\n<strong>Fase 4 :<\/strong> Colocar la bomba en el fondo del tanque en el alojamiento previsto (entre los 4 pernos) y conectar su cable el\u00e9ctrico al kit: enchufar el conector de anillo verde y atornillar el anillo verde para asegurar el conector. Conectar el tubo de la bomba al tubo del filtro con el conector r\u00e1pido.<br \/>\n<strong>Fase 5 :<\/strong> Volver a colocar el fregadero. Volver a enganchar el tubo negro bajo el fregadero y colocar el tubo del cepillo en su ranura.<br \/>\n<strong>Fase 6 :<\/strong> Volver a colocar el filtro de acero inoxidable, el tap\u00f3n con indicador (los indicadores deben posicionarse con los pliegues hacia arriba) y la chapa de acero inoxidable con la ondulaci\u00f3n.<br \/>\n[\/vc_column_text][vc_video link=\u00bbhttps:\/\/www.youtube.com\/embed\/v6JMPT29Ac8&#8243;][\/vc_column][\/vc_row][vc_row][vc_column][vc_column_text]<\/p>\n<h1 style=\"margin-top: 0; color: #fdc735;text-transform:uppercase;\">Puesta en funcionamiento<\/h1>\n<p>[\/vc_column_text][vc_column_text]<\/p>\n<p><strong>Fase 1 :<\/strong> Vierta el l\u00edquido hasta alcanzar un nivel suficiente (por lo menos 60 litros de l\u00edquido)<br \/>\n<strong>Fase 2 :<\/strong> Active la funci\u00f3n calentamiento de la fuente pulsando el interruptor \u00abC\u00b0 on\/off\u00bb; la pantalla mostrar\u00e1 el texto \u00abcalentamiento en curso\u00bb.<br \/>\n<strong>Fase 3 :<\/strong> Introduzca una pastilla por el orificio rectangular correspondiente.<br \/>\n<strong>Fase 4 :<\/strong> Cuelgue en la pared, encima de la fuente, la hoja de control del mantenimiento de la fuente.<br \/>\n<strong>Fase 5 :<\/strong> Para cada pastilla que agregue, anote la fecha en la tabla de la hoja de control del mantenimiento.<br \/>\n<strong>Fase 6 :<\/strong> La fuente est\u00e1 lista para ser utilizada cuando la pantalla muestra \u00abtemperatura ok\u00bb.<br \/>\n[\/vc_column_text][vc_video link=\u00bbhttps:\/\/www.youtube.com\/embed\/UHf6RlQQiWw\u00bb][\/vc_column][\/vc_row][vc_row][vc_column width=\u00bb1\/2&#8243;][vc_column_text]<\/p>\n<h1 style=\"margin-top: 0; color: #fdc735;\">MODALIDAD BOOST<\/h1>\n<h3 style=\"margin-top: -5px;\">Aumento de la temperatura en 5 \u00b0C.<\/h3>\n<p>El aumento de la temperatura permite desengrasar eficazmente las  piezas que presentan sucio profundo.<\/p>\n<p><strong>Fase 1 :<\/strong> Pulse el bot\u00f3n <strong>BOOST<\/strong>. El indicador luminoso \u00abB\u00bb parpadea y el indicador luminoso \u00abCALENTAMIENTO\u00bb se enciende.<br \/>\n<strong>Fase 2 :<\/strong> Al alcanzar la temperatura la funci\u00f3n calentamiento se apaga. Los indicadores luminosos \u00abB\u00bb y \u00abCALENTAMIENTO\u00bb muestran luz fija.<br \/>\n<strong>Fase 3 :<\/strong> El indicador luminoso \u00abCALENTAMIENTO\u00bb parpadea lentamente hasta que la temperatura retorna a su valor inicial.<\/p>\n<p>[\/vc_column_text][\/vc_column][vc_column width=\u00bb1\/2&#8243;][vc_column_text]<\/p>\n<h1 style=\"margin-top: 0; color: #fdc735;\">MODALIDAD ECO<\/h1>\n<h3 style=\"margin-top: -5px;\">Disminuci\u00f3n temporal de la temperatura a 30 \u00b0C<\/h3>\n<p>La modalidad de funcionamiento ECO permite disminuir la temperatura del ba\u00f1o, para reducir el consumo de electricidad, por un determinado lapso de tiempo (regulable, v\u00e9anse las instrucciones). Pasado el lapso de tiempo la temperatura regresa a la  temperatura normal de funcionamiento.<\/p>\n<p><strong>Fase 1 :<\/strong> Tras haber pulsado el bot\u00f3n <strong>ECO<\/strong>, el indicador luminoso \u00abCALENTAMIENTO\u00bb se apaga y el indicador luminoso naranja \u00ab\u20ac\u00bb parpadea lentamente.<br \/>\n<strong>Fase 2 :<\/strong> Alcanzada la temperatura (30\u00b0C), \u00e9sta se mantiene por 11 horas (regulable, v\u00e9anse las instrucciones).<br \/>\nNota: Al pulsar el bot\u00f3n bomba la modalidad ECO se apaga.<br \/>\n<strong>Fase 3 :<\/strong> Transcurrido el tiempo establecido la temperatura asciende a 38\u00b0C. El indicador luminoso \u00abCALENTAMIENTO\u00bb parpadea lentamente.[\/vc_column_text][\/vc_column][\/vc_row]<\/p>","protected":false},"excerpt":{"rendered":"<p>[vc_row][vc_column][vc_column_text] DESEMBALAJE [\/vc_column_text][vc_column_text] Fase 1 : Abrir la cubierta y desembalar la bomba que est\u00e1 en el fregadero. Fase 2 : Quitar la chapa de acero inoxidable con la ondulaci\u00f3n, el tap\u00f3n con indicador y el filtro de acero inoxidable. Fase 3 : Retirar el fregadero desenganchando el tubo negro bajo el fregadero y quitando [&hellip;]<\/p>\n","protected":false},"author":1,"featured_media":0,"parent":0,"menu_order":0,"comment_status":"closed","ping_status":"closed","template":"","meta":{"_mi_skip_tracking":false},"acf":[],"_links":{"self":[{"href":"https:\/\/instructionsos.com\/es\/wp-json\/wp\/v2\/pages\/319"}],"collection":[{"href":"https:\/\/instructionsos.com\/es\/wp-json\/wp\/v2\/pages"}],"about":[{"href":"https:\/\/instructionsos.com\/es\/wp-json\/wp\/v2\/types\/page"}],"author":[{"embeddable":true,"href":"https:\/\/instructionsos.com\/es\/wp-json\/wp\/v2\/users\/1"}],"replies":[{"embeddable":true,"href":"https:\/\/instructionsos.com\/es\/wp-json\/wp\/v2\/comments?post=319"}],"version-history":[{"count":4,"href":"https:\/\/instructionsos.com\/es\/wp-json\/wp\/v2\/pages\/319\/revisions"}],"predecessor-version":[{"id":1997,"href":"https:\/\/instructionsos.com\/es\/wp-json\/wp\/v2\/pages\/319\/revisions\/1997"}],"wp:attachment":[{"href":"https:\/\/instructionsos.com\/es\/wp-json\/wp\/v2\/media?parent=319"}],"curies":[{"name":"wp","href":"https:\/\/api.w.org\/{rel}","templated":true}]}}