{"id":1603,"date":"2015-11-06T10:50:44","date_gmt":"2015-11-06T09:50:44","guid":{"rendered":"http:\/\/instructionsos.com\/?page_id=1603"},"modified":"2016-02-26T15:37:11","modified_gmt":"2016-02-26T14:37:11","slug":"faq","status":"publish","type":"page","link":"https:\/\/instructionsos.com\/es\/faq\/","title":{"rendered":"PREGUNTAS FRECUENTES (FAQ)"},"content":{"rendered":"<p>[vc_row css=\u00bb.vc_custom_1446048779822{margin-top: 0px !important;padding-left: 0px !important;background-color: #ffffff !important;}\u00bb][vc_column width=\u00bb2\/3&#8243; css=\u00bb.vc_custom_1455718601448{padding-bottom: 30px !important;}\u00bb][vc_toggle title=\u00bbMi consumo de soluci\u00f3n detergente es elevado, \u00bfesto es normal?\u00bb style=\u00bbrounded_outline\u00bb color=\u00bbwhite\u00bb el_id=\u00bb1446044177779-652b46f9-b0d3&#8243; css=\u00bb.vc_custom_1455718816867{padding-left: 30px !important;background-color: #fdc735 !important;}\u00bb]El consumo promedio de la fuente es de 5-12 litros por mes, dependiendo de su uso. Este consumo puede ser mayor si las piezas que se lavan tienen mucho sucio pegado. Usted tambi\u00e9n puede verificar:<\/p>\n<ol>\n<li>Que la fuente no tenga p\u00e9rdidas y que la temperatura del ba\u00f1o sea realmente de 37\/38\u00b0.<\/li>\n<li>Que se desconecte la bomba despu\u00e9s de haber utilizado la fuente.<\/li>\n<li>Que la soluci\u00f3n detergente no se utilice fuera de la fuente.<\/li>\n<li>Que la placa de acero inoxidable quede bien colocada despu\u00e9s de haber efectuado un lavado con remojo (limita las p\u00e9rdidas a causa de la evaporaci\u00f3n).<\/li>\n<\/ol>\n<p>[\/vc_toggle][vc_toggle title=\u00bb\u00bfPor qu\u00e9 la soluci\u00f3n detergente cambia de olor y de color?\u00bb style=\u00bbrounded_outline\u00bb color=\u00bbwhite\u00bb el_id=\u00bb1446048200354-a353041d-df65&#8243; css=\u00bb.vc_custom_1455718823313{padding-left: 30px !important;background-color: #fdc735 !important;}\u00bb]La soluci\u00f3n detergente se oscurece desde su primer uso. A diferencia del disolvente esto no influye en la eficacia del desengrase; la soluci\u00f3n detergente simplemente adquiere el color de los aceites e hidrocarburos. Si usted observa un cambio considerable de olor, esto puede deberse a una oxigenaci\u00f3n escasa, por tanto, compruebe que la bomba de aire funciona correctamente. Tambi\u00e9n es posible ayudar la oxigenaci\u00f3n haciendo circular el fluido por 30 minutos mediante aspersi\u00f3n. O bien, tambi\u00e9n puede agregarse una pastilla.[\/vc_toggle][vc_toggle title=\u00bb\u00bfQu\u00e9 tengo que hacer si la calidad del lavado desmejora?\u00bb style=\u00bbrounded_outline\u00bb color=\u00bbwhite\u00bb el_id=\u00bb1446048207922-6d87044d-0538&#8243; css=\u00bb.vc_custom_1455718830143{padding-left: 30px !important;background-color: #fdc735 !important;}\u00bb]<\/p>\n<ol>\n<li>Controle la temperatura (aparece indicada en la pantalla).<\/li>\n<li>A diferencia del disolvente, la fuente biol\u00f3gica sigue desengrasando incluso cuando la soluci\u00f3n detergente est\u00e1 bastante oscura (con la condici\u00f3n de que se agreguen pastillas de microorganismos). Sin embargo, si se observa una reducci\u00f3n significativa de la calidad de desengrase, puede agregarse una pastilla y hacer fluir la soluci\u00f3n detergente durante 30 minutos.<\/li>\n<\/ol>\n<p>[\/vc_toggle][vc_toggle title=\u00bb\u00bfCu\u00e1ndo conviene vaciar la cuba?\u00bb style=\u00bbrounded_outline\u00bb color=\u00bbwhite\u00bb el_id=\u00bb1446048206783-34b4fcd8-c34f\u00bb css=\u00bb.vc_custom_1455718836777{padding-left: 30px !important;background-color: #fdc735 !important;}\u00bb]En teor\u00eda, nunca. De hecho, el sucio org\u00e1nico es biodegradado, por lo tanto, no se acumula como sucede cuando el desengrase se realiza utilizando disolventes o los detergentes cl\u00e1sicos. Es por este motivo que nuestra fuente y su proceso de lavado son interesantes. Se recomienda una limpieza anual para las operaciones de mantenimiento mayores y cada 18 meses para las operaciones de mantenimiento menos intensivas. Limpiando la fuente se eliminan los fangos que con el tiempo se forman en el fondo del tanque, alterando el calentamiento y la circulaci\u00f3n del fluido. Dichos fangos son producto de las part\u00edculas s\u00f3lidas contenidas en el sucio que se ha eliminado previamente. En la pr\u00e1ctica, si la calidad del lavado disminuye bruscamente, cambie completamente el ba\u00f1o.[\/vc_toggle][\/vc_column][vc_column width=\u00bb1\/3&#8243; css=\u00bb.vc_custom_1446048854935{background-color: #ffffff !important;}\u00bb][stm_sign_up_now form=\u00bb1870&#8243; title=\u00bb\u00bfPreguntas?\u00bb css=\u00bb.vc_custom_1456131344910{padding-top: 30px !important;padding-bottom: 30px !important;background-color: #d8d8d8 !important;}\u00bb][\/vc_column][\/vc_row]<\/p>","protected":false},"excerpt":{"rendered":"<p>[vc_row css=\u00bb.vc_custom_1446048779822{margin-top: 0px !important;padding-left: 0px !important;background-color: #ffffff !important;}\u00bb][vc_column width=\u00bb2\/3&#8243; css=\u00bb.vc_custom_1455718601448{padding-bottom: 30px !important;}\u00bb][vc_toggle title=\u00bbMi consumo de soluci\u00f3n detergente es elevado, \u00bfesto es normal?\u00bb style=\u00bbrounded_outline\u00bb color=\u00bbwhite\u00bb el_id=\u00bb1446044177779-652b46f9-b0d3&#8243; css=\u00bb.vc_custom_1455718816867{padding-left: 30px !important;background-color: #fdc735 !important;}\u00bb]El consumo promedio de la fuente es de 5-12 litros por mes, dependiendo de su uso. Este consumo puede ser mayor si las piezas que se [&hellip;]<\/p>\n","protected":false},"author":1,"featured_media":0,"parent":0,"menu_order":0,"comment_status":"closed","ping_status":"closed","template":"","meta":{"_mi_skip_tracking":false},"acf":[],"_links":{"self":[{"href":"https:\/\/instructionsos.com\/es\/wp-json\/wp\/v2\/pages\/1603"}],"collection":[{"href":"https:\/\/instructionsos.com\/es\/wp-json\/wp\/v2\/pages"}],"about":[{"href":"https:\/\/instructionsos.com\/es\/wp-json\/wp\/v2\/types\/page"}],"author":[{"embeddable":true,"href":"https:\/\/instructionsos.com\/es\/wp-json\/wp\/v2\/users\/1"}],"replies":[{"embeddable":true,"href":"https:\/\/instructionsos.com\/es\/wp-json\/wp\/v2\/comments?post=1603"}],"version-history":[{"count":1,"href":"https:\/\/instructionsos.com\/es\/wp-json\/wp\/v2\/pages\/1603\/revisions"}],"predecessor-version":[{"id":1996,"href":"https:\/\/instructionsos.com\/es\/wp-json\/wp\/v2\/pages\/1603\/revisions\/1996"}],"wp:attachment":[{"href":"https:\/\/instructionsos.com\/es\/wp-json\/wp\/v2\/media?parent=1603"}],"curies":[{"name":"wp","href":"https:\/\/api.w.org\/{rel}","templated":true}]}}