{"id":319,"date":"2015-01-07T14:39:25","date_gmt":"2015-01-07T14:39:25","guid":{"rendered":"http:\/\/instructionsos.com\/?page_id=319"},"modified":"2016-02-26T15:39:33","modified_gmt":"2016-02-26T14:39:33","slug":"power","status":"publish","type":"page","link":"https:\/\/instructionsos.com\/de\/power\/","title":{"rendered":"BESCHREIBUNG TEILEREINIGER"},"content":{"rendered":"<p>[vc_row][vc_column][vc_column_text]<\/p>\n<h1 style=\"margin-top: 0; color: #fdc735;\">AUSPACKEN<\/h1>\n<p>[\/vc_column_text][vc_column_text]<br \/>\n<strong>Phase 1 :<\/strong> Die Abdeckung \u00f6ffnen und die Pumpe, die sich in der Sp\u00fcle befindet, auspacken.<br \/>\n<strong>Phase 2 :<\/strong> Das Wellblech, den Anzeigeverschluss und den Stahlfilter entfernen.<br \/>\n<strong>Phase 3 :<\/strong> Um die Sp\u00fcle zu entfernen, ist der schwarze Schlauch unter der Sp\u00fcle abzuschlie\u00dfen und der flache Schlauch zu entfernen.<br \/>\n<strong>Phase 4 :<\/strong>\u00a0Die Pumpe auf dem Boden des Beh\u00e4lters auflagern und wie vorgesehen positionieren (zwischen den 4 Klemmen) und das Stromkabel an den Satz anschlie\u00dfen: Den Stecker mit dem gr\u00fcnen Ring verbinden und den gr\u00fcnen Ring anschrauben, um den Stecker zu befestigen. Den Schlauch der Pumpe mit einem Schnellanschluss an den Schlauch des Filters anschlie\u00dfen.<br \/>\n<strong>Phase 5 :<\/strong>\u00a0Die Sp\u00fcle erneut positionieren. Den schwarzen Schlauch wieder unter der Sp\u00fcle anschlie\u00dfen und den flachen Schlauch in die eigens daf\u00fcr vorgesehene \u00d6ffnung einf\u00fchren.<br \/>\n<strong>Phase 6 :<\/strong>\u00a0Den Stahlfilter, den Anzeigeverschluss (die Anzeiger m\u00fcssen mit den Falzen nach oben positioniert werden) und das Edelstahlwellblech wieder einsetzen.<br \/>\n[\/vc_column_text][vc_video link=&#8220;https:\/\/www.youtube.com\/embed\/v6JMPT29Ac8&#8243;][\/vc_column][\/vc_row][vc_row][vc_column][vc_column_text]<\/p>\n<h1 style=\"margin-top: 0; color: #fdc735;text-transform: uppercase;\">Inbetriebnahme<\/h1>\n<p>[\/vc_column_text][vc_column_text]<\/p>\n<p><strong>Phase 1 :<\/strong> Fl\u00fcssigkeit zuf\u00fchren, bis ein ausreichendes Niveau erreicht ist (mindestens 60 l Fl\u00fcssigkeit).<br \/>\n<strong>Phase 2 :<\/strong> Den Teilereiniger auf die Funktion Heizung einstellen und folgenden Schalter dr\u00fccken: &#8222;C\u00b0 on\/off&#8220;, am Bildschirm erscheint die Anzeige &#8222;im Heizbetrieb&#8220;.<br \/>\n<strong>Phase 3 :<\/strong> Eine Tablette in die entsprechende rechteckige \u00d6ffnung geben.<br \/>\n<strong>Phase 4 :<\/strong> \u00dcber dem Teilereiniger an der Wand das Kontrollblatt zum Wartungszustand des Teilereinigers aufh\u00e4ngen.<br \/>\n<strong>Phase 5 :<\/strong> Bei jeder neu eingelegten Tablette die Daten in der Tabelle des Kontrollblatts f\u00fcr den Wartungszustand eintragen.<br \/>\n<strong>Phase 6 :<\/strong> Der Teilereiniger ist einsatzf\u00e4hig, wenn auf dem Bildschirm die Anzeige &#8222;Temperatur ok&#8220; erscheint.<br \/>\n[\/vc_column_text][vc_video link=&#8220;https:\/\/www.youtube.com\/embed\/UHf6RlQQiWw&#8220;][\/vc_column][\/vc_row][vc_row][vc_column width=&#8220;1\/2&#8243;][vc_column_text]<\/p>\n<h1 style=\"margin-top: 0; color: #fdc735;\">BOOST MODUS<\/h1>\n<h3 style=\"margin-top: -5px;\">Gleichm\u00e4\u00dfige Erh\u00f6hung der Temperatur um 5\u00b0C<\/h3>\n<p>Durch Erh\u00f6hung der Temperatur ist es m\u00f6glich, hartn\u00e4ckig verschmutzte Teile wirksam zu entfetten.<\/p>\n<p><strong>Phase 1 :<\/strong> Die Taste <strong>BOOST<\/strong> dr\u00fccken. Die Kontrollleuchte &#8222;B&#8220; leuchtet auf und die Kontrollleuchte &#8222;HEIZUNG&#8220; schaltet sich ein.<br \/>\n<strong>Phase 2 :<\/strong> Nachdem die Temperatur erreicht wurde, schaltet sich der Heizbetrieb ab. Die Kontrollleuchten &#8222;B&#8220; und &#8222;HEIZUNG&#8220; leuchten dauerhaft.<br \/>\n<strong>Phase 3 :<\/strong> Die Kontrollleuchte &#8222;HEIZUNG&#8220; blinkt langsam, bis die Temperatur auf ihren Anfangswert zur\u00fcckgeht.<br \/>\n[\/vc_column_text][\/vc_column][vc_column width=&#8220;1\/2&#8243;][vc_column_text]<\/p>\n<h1 style=\"margin-top: 0; color: #fdc735;\">ECO BETRIEBSMODUS<\/h1>\n<h3 style=\"margin-top: -5px;\">Vor\u00fcbergehende Verringerung der Temperatur auf 30\u00b0C<\/h3>\n<p>Im Betriebsmodus ECO ist es m\u00f6glich, die Temperatur des Tauchbads zu verringern, um den Stromverbrauch in einer bestimmten (regulierbaren, s. Anleitung) Zeitspanne  zu reduzieren.  \u00dcber diese Zeitspanne hinaus geht die Temperatur wieder auf normale Betriebsstemperatur \u00fcber.<\/p>\n<p><strong>Phase 1 :<\/strong> Nach Dr\u00fccken der Taste <strong>ECO<\/strong> schaltet sich die Kontrollleuchte &#8222;HEIZUNG&#8220; ab und die orangefarbene Kontrollleuchte &#8222;\u20ac&#8220; blinkt langsam.<br \/>\n<strong>Phase 2 :<\/strong> Nachdem die Temperatur (30\u00b0C) erreicht wurde, wird diese f\u00fcr 11 Stunden beibehalten (regulierbar, s. Anleitung).<br \/>\nHINWEIS: Durch Dr\u00fccken der Taste Pumpe schaltet sich der ECO-Modus ab.<br \/>\n<strong>Phase 3 :<\/strong> Nach Ablauf der festgelegten Zeit steigt die Temperatur auf 38\u00b0C. Die Kontrollleuchte &#8222;HEIZUNG&#8220; blinkt langsam.[\/vc_column_text][\/vc_column][\/vc_row]<\/p>","protected":false},"excerpt":{"rendered":"<p>[vc_row][vc_column][vc_column_text] AUSPACKEN [\/vc_column_text][vc_column_text] Phase 1 : Die Abdeckung \u00f6ffnen und die Pumpe, die sich in der Sp\u00fcle befindet, auspacken. Phase 2 : Das Wellblech, den Anzeigeverschluss und den Stahlfilter entfernen. Phase 3 : Um die Sp\u00fcle zu entfernen, ist der schwarze Schlauch unter der Sp\u00fcle abzuschlie\u00dfen und der flache Schlauch zu entfernen. Phase 4 :\u00a0Die [&hellip;]<\/p>\n","protected":false},"author":1,"featured_media":0,"parent":0,"menu_order":0,"comment_status":"closed","ping_status":"closed","template":"","meta":{"_mi_skip_tracking":false},"acf":[],"_links":{"self":[{"href":"https:\/\/instructionsos.com\/de\/wp-json\/wp\/v2\/pages\/319"}],"collection":[{"href":"https:\/\/instructionsos.com\/de\/wp-json\/wp\/v2\/pages"}],"about":[{"href":"https:\/\/instructionsos.com\/de\/wp-json\/wp\/v2\/types\/page"}],"author":[{"embeddable":true,"href":"https:\/\/instructionsos.com\/de\/wp-json\/wp\/v2\/users\/1"}],"replies":[{"embeddable":true,"href":"https:\/\/instructionsos.com\/de\/wp-json\/wp\/v2\/comments?post=319"}],"version-history":[{"count":4,"href":"https:\/\/instructionsos.com\/de\/wp-json\/wp\/v2\/pages\/319\/revisions"}],"predecessor-version":[{"id":1997,"href":"https:\/\/instructionsos.com\/de\/wp-json\/wp\/v2\/pages\/319\/revisions\/1997"}],"wp:attachment":[{"href":"https:\/\/instructionsos.com\/de\/wp-json\/wp\/v2\/media?parent=319"}],"curies":[{"name":"wp","href":"https:\/\/api.w.org\/{rel}","templated":true}]}}