{"id":1603,"date":"2015-11-06T10:50:44","date_gmt":"2015-11-06T09:50:44","guid":{"rendered":"http:\/\/instructionsos.com\/?page_id=1603"},"modified":"2016-02-26T15:37:11","modified_gmt":"2016-02-26T14:37:11","slug":"faq","status":"publish","type":"page","link":"https:\/\/instructionsos.com\/de\/faq\/","title":{"rendered":"FAQ \u2013 H\u00c4UFIGE FRAGEN"},"content":{"rendered":"<p>[vc_row css=&#8220;.vc_custom_1446048779822{margin-top: 0px !important;padding-left: 0px !important;background-color: #ffffff !important;}&#8220;][vc_column width=&#8220;2\/3&#8243; css=&#8220;.vc_custom_1455718580760{padding-bottom: 30px !important;}&#8220;][vc_toggle title=&#8220;Mein Verbrauch an Reinigungsl\u00f6sung ist beachtlich, ist das normal?&#8220; style=&#8220;rounded_outline&#8220; color=&#8220;white&#8220; el_id=&#8220;1446044177779-652b46f9-b0d3&#8243; css=&#8220;.vc_custom_1446803866847{padding-left: 30px !important;background-color: #fdc735 !important;}&#8220;]Der durchschnittliche Verbrauch des Teilereinigers betr\u00e4gt je nach Einsatz 5-12 Liter im Monat. Dieser Verbrauch kann h\u00f6her sein, wenn die gereinigten Teile zahlreiche R\u00fcckst\u00e4nde enthalten. Au\u00dferdem kann Folgendes \u00fcberpr\u00fcft werden:<\/p>\n<ol>\n<li>Dass keine Lecks am Teilereiniger vorhanden sind und dass die Wassertemperatur genau 37\/38\u00b0C betr\u00e4gt.<\/li>\n<li>Dass die Pumpe nach dem Einsatz des Teilereinigers getrennt wird.<\/li>\n<li>Dass die Reinigungsl\u00f6sung nicht au\u00dferhalb des Teilereinigers verwendet wird.<\/li>\n<li>Dass die Edelstahlplatte nach einem Einweichvorgang wieder richtig eingesetzt wurde (schr\u00e4nkt Verluste durch Verdunstung ein).<\/li>\n<\/ol>\n<p>[\/vc_toggle][vc_toggle title=&#8220;Warum \u00e4ndert die Reinigungsl\u00f6sung Geruch oder Farbe?&#8220; style=&#8220;rounded_outline&#8220; color=&#8220;white&#8220; el_id=&#8220;1446048200354-a353041d-df65&#8243; css=&#8220;.vc_custom_1446803880036{padding-left: 30px !important;background-color: #fdc735 !important;}&#8220;]Die Reinigungsl\u00f6sung wird nach dem ersten Gebrauch dunkler. Im Gegensatz zu einem L\u00f6sungsmittel beeinflusst dies nicht die Wirksamkeit der Entfettung; die Reinigungsl\u00f6sung nimmt einfach die Farbe der \u00d6le und der Kohlenwasserstoffe an. Wenn Sie eine deutliche \u00c4nderung des Geruchs bemerken, so kann dies auf geringer Sauerstoffzufuhr beruhen, also den korrekten Betrieb der Luftpumpe pr\u00fcfen. Au\u00dferdem kann die Sauerstoffzufuhr verbessert werden, wenn die Fl\u00fcssigkeit f\u00fcr 30 Minuten durch Bespr\u00fchung zirkuliert. Weiterhin kann eine Tablette hinzugef\u00fcgt werden.[\/vc_toggle][vc_toggle title=&#8220;Was muss ich tun, wenn sich die Reinigungsqualit\u00e4t verschlechtert?&#8220; style=&#8220;rounded_outline&#8220; color=&#8220;white&#8220; el_id=&#8220;1446048207922-6d87044d-0538&#8243; css=&#8220;.vc_custom_1446803905168{padding-left: 30px !important;background-color: #fdc735 !important;}&#8220;]<\/p>\n<ol>\n<li>Die Temperatur (Anzeige am Bildschirm) pr\u00fcfen.<\/li>\n<li>Im Gegensatz zu einem L\u00f6sungsmittel beginnt der biologische Teilereiniger zu entfetten, auch wenn die Reinigungsl\u00f6sung entschieden dunkler ist (unter der Bedingung, dass Mikroorganismus-Tabletten eingelegt wurden). Sollte man eine bedeutende Verschlechterung der Entfettungsqualit\u00e4t beobachten, kann man trotzdem eine Tablette hinzuf\u00fcgen und die Reinigungsl\u00f6sung 30 Minuten lang laufen lassen.<\/li>\n<\/ol>\n<p>[\/vc_toggle][vc_toggle title=&#8220;Wann ist es sinnvoll, den Teilereiniger zu entleeren?&#8220; style=&#8220;rounded_outline&#8220; color=&#8220;white&#8220; el_id=&#8220;1446048206783-34b4fcd8-c34f&#8220; css=&#8220;.vc_custom_1446803916869{padding-left: 30px !important;background-color: #fdc735 !important;}&#8220;]Theoretisch nie. In der Tat wird der organische Schmutz biologisch abgebaut und setzt sich nicht ab, wie dies bei einer Entfettung mit L\u00f6sungsmitteln oder klassischen Reinigungsmitteln der Fall ist. Dies ist der Grund, warum unsere Teilereiniger und unser Verarbeitungsprozess interessant sind. Es wird eine j\u00e4hrliche Reinigung f\u00fcr die wichtigen Wartungseingriffe und alle 18 Monate f\u00fcr weniger intensive Wartungseingriffe empfohlen.<br \/>\nDurch die Reinigung des Produkts wird der Schlamm beseitigt, der sich mit der Zeit am Beh\u00e4lterboden bildet und damit die Erw\u00e4rmung und Zirkulation der Fl\u00fcssigkeit beeintr\u00e4chtigt.[\/vc_toggle][\/vc_column][vc_column width=&#8220;1\/3&#8243; css=&#8220;.vc_custom_1446048854935{background-color: #ffffff !important;}&#8220;][stm_sign_up_now form=&#8220;1874&#8243; title=&#8220;Fragen?&#8220; css=&#8220;.vc_custom_1446803668166{padding-top: 30px !important;padding-bottom: 30px !important;background-color: #d8d8d8 !important;}&#8220;][\/vc_column][\/vc_row]<\/p>","protected":false},"excerpt":{"rendered":"<p>[vc_row css=&#8220;.vc_custom_1446048779822{margin-top: 0px !important;padding-left: 0px !important;background-color: #ffffff !important;}&#8220;][vc_column width=&#8220;2\/3&#8243; css=&#8220;.vc_custom_1455718580760{padding-bottom: 30px !important;}&#8220;][vc_toggle title=&#8220;Mein Verbrauch an Reinigungsl\u00f6sung ist beachtlich, ist das normal?&#8220; style=&#8220;rounded_outline&#8220; color=&#8220;white&#8220; el_id=&#8220;1446044177779-652b46f9-b0d3&#8243; css=&#8220;.vc_custom_1446803866847{padding-left: 30px !important;background-color: #fdc735 !important;}&#8220;]Der durchschnittliche Verbrauch des Teilereinigers betr\u00e4gt je nach Einsatz 5-12 Liter im Monat. Dieser Verbrauch kann h\u00f6her sein, wenn die gereinigten Teile zahlreiche R\u00fcckst\u00e4nde enthalten. Au\u00dferdem kann [&hellip;]<\/p>\n","protected":false},"author":1,"featured_media":0,"parent":0,"menu_order":0,"comment_status":"closed","ping_status":"closed","template":"","meta":{"_mi_skip_tracking":false},"acf":[],"_links":{"self":[{"href":"https:\/\/instructionsos.com\/de\/wp-json\/wp\/v2\/pages\/1603"}],"collection":[{"href":"https:\/\/instructionsos.com\/de\/wp-json\/wp\/v2\/pages"}],"about":[{"href":"https:\/\/instructionsos.com\/de\/wp-json\/wp\/v2\/types\/page"}],"author":[{"embeddable":true,"href":"https:\/\/instructionsos.com\/de\/wp-json\/wp\/v2\/users\/1"}],"replies":[{"embeddable":true,"href":"https:\/\/instructionsos.com\/de\/wp-json\/wp\/v2\/comments?post=1603"}],"version-history":[{"count":1,"href":"https:\/\/instructionsos.com\/de\/wp-json\/wp\/v2\/pages\/1603\/revisions"}],"predecessor-version":[{"id":1996,"href":"https:\/\/instructionsos.com\/de\/wp-json\/wp\/v2\/pages\/1603\/revisions\/1996"}],"wp:attachment":[{"href":"https:\/\/instructionsos.com\/de\/wp-json\/wp\/v2\/media?parent=1603"}],"curies":[{"name":"wp","href":"https:\/\/api.w.org\/{rel}","templated":true}]}}